{"id":361,"date":"2016-12-21T14:09:03","date_gmt":"2016-12-21T19:09:03","guid":{"rendered":"https:\/\/www.industriesriopel.com\/?page_id=361\/"},"modified":"2023-11-16T11:30:14","modified_gmt":"2023-11-16T16:30:14","slug":"historia","status":"publish","type":"page","link":"https:\/\/www.industriesriopel.com\/es\/historia\/","title":{"rendered":"Historia"},"content":{"rendered":"<div id=\"pl-361\"  class=\"panel-layout\" ><div id=\"pg-361-0\"  class=\"panel-grid panel-has-style\" ><div class=\"siteorigin-panels-stretch panel-row-style panel-row-style-for-361-0\" id=\"about_row_1\" data-stretch-type=\"full\" ><div id=\"pgc-361-0-0\"  class=\"panel-grid-cell\" ><div id=\"panel-361-0-0-0\" class=\"so-panel widget widget_black-studio-tinymce widget_black_studio_tinymce panel-first-child panel-last-child\" data-index=\"0\" ><div class=\"about_block_1 panel-widget-style panel-widget-style-for-361-0-0-0\" ><div class=\"textwidget\"><h1>Fabricacion de equipos para sacrificio Riopel<\/h1>\n<h2>Mas de medio centenario de historia.<\/h2>\n<p><img loading=\"lazy\" decoding=\"async\" class=\"alignnone size-full wp-image-46\" src=\"https:\/\/www.industriesriopel.com\/wp-content\/uploads\/2016\/12\/white_small_line.png\" alt=\"white_small_line\" width=\"38\" height=\"3\" \/><\/p>\n<p>Industries Riopel Inc. se especializa en el desarrollo de tecnologia y equipamiento para la produccion y procesos de la carne roja.Las instalaciones son dise\u00f1adas para integrar los requerimientos de salud y seguridad alimentaria.<\/p>\n<p>Industries Riopel Inc, fue fundada en 1970 por Maurice Riopel, quien trabajo en la industria de la carne por cuenta propia. Construyo una fuerte reputacion de calidad de servicio y el desarrollo de soluciones innovadoras para sus clientes. En 1980, creo \u201cLes fabrications Maurice Riopel Inc. \u201ccompa\u00f1ia que se establecio en Vallee Jonction, debido al crecimiento en la demanda de sus productos la fabrica tuvo que crecer varias veces.<\/p>\n<p>Con un grado en ciencias de la Universidad de Laval, el Sr Christian Riopel se unio a su padre en 1981. Aun estudiando, ocupo varios puestos en plantas de sacrificio de Quebec. Desde 1991, despues del retiro de su padre, el ocupa la presidencia de la compa\u00f1ia.<\/p>\n<p>En 1996 el nombre de la compa\u00f1ia cambia a \u201cIndustries Riopel Inc-\u201c En noviembre de 2008, el sr. Christian Riopel incorpora personal administrativo para convertirse en colaboradores que aseguran la sustentabilidad de la compa\u00f1ia.<\/p>\n<p>Riopel se enfoca en el desarrollo de mercados fuera de Quebec. Un agente de ventas ha estado trabajando en Mexico desde 2010 con excelentes resultados. Desde enero de 2014, otro agente se ha establecido en Estados Unidos.<\/p>\n<\/div><\/div><\/div><\/div><div id=\"pgc-361-0-1\"  class=\"panel-grid-cell\" ><div id=\"panel-361-0-1-0\" class=\"so-panel widget widget_black-studio-tinymce widget_black_studio_tinymce panel-first-child panel-last-child\" data-index=\"1\" ><div class=\"about_block_2 panel-widget-style panel-widget-style-for-361-0-1-0\" ><div class=\"textwidget\"><img loading=\"lazy\" decoding=\"async\" class=\"alignnone size-full wp-image-50\" src=\"https:\/\/www.industriesriopel.com\/wp-content\/uploads\/2016\/12\/about_photo.jpg\" alt=\"about_photo\" width=\"1000\" height=\"743\" srcset=\"https:\/\/www.industriesriopel.com\/wp-content\/uploads\/2016\/12\/about_photo.jpg 1000w, https:\/\/www.industriesriopel.com\/wp-content\/uploads\/2016\/12\/about_photo-300x223.jpg 300w, https:\/\/www.industriesriopel.com\/wp-content\/uploads\/2016\/12\/about_photo-768x571.jpg 768w\" sizes=\"auto, (max-width: 1000px) 100vw, 1000px\" \/><\/div><\/div><\/div><\/div><\/div><\/div><div id=\"pg-361-1\"  class=\"panel-grid panel-has-style\" ><div class=\"siteorigin-panels-stretch panel-row-style panel-row-style-for-361-1\" data-stretch-type=\"full\" ><div id=\"pgc-361-1-0\"  class=\"panel-grid-cell\" ><div id=\"panel-361-1-0-0\" class=\"so-panel widget widget_black-studio-tinymce widget_black_studio_tinymce panel-first-child\" data-index=\"2\" ><div class=\"about_block_3 panel-widget-style panel-widget-style-for-361-1-0-0\" ><div class=\"textwidget\"><h4>Nuestra mision corporativa<\/h4>\n<p><img loading=\"lazy\" decoding=\"async\" class=\"alignnone size-full wp-image-30\" src=\"https:\/\/www.industriesriopel.com\/wp-content\/uploads\/2016\/12\/blue_small_line.png\" alt=\"blue_small_line\" width=\"38\" height=\"3\" \/><\/p>\n<p>En Riopel, trabajamos constantemente en ideas y soluciones para incrementar la eficiencia de las plantas de nuestros clientes, fabricando e instalando tecnologia de punta.<\/p>\n<p>En todo lo que hacemos, nos enfocamos en la relacion de socios, espiritu de equipo, respeto a nuestros colegas, socios y clientes.<\/p>\n<\/div><\/div><\/div><div id=\"panel-361-1-0-1\" class=\"so-panel widget widget_black-studio-tinymce widget_black_studio_tinymce panel-last-child\" data-index=\"3\" ><div class=\"about_block_4 panel-widget-style panel-widget-style-for-361-1-0-1\" ><div class=\"textwidget\"><table id=\"about_tbl\">\n<tbody>\n<tr>\n<td>\n<h4 style=\"text-align: left;\">NUESTROS VALORES<\/h4>\n<p style=\"text-align: left;\">Industries Riopel Inc. tiene como objetivo contribuir al suceso de sus clientes posicion\u00e1ndose como l\u00edder norteamericano en el dise\u00f1o de equipos de \u00faltima generaci\u00f3n para mataderos, salas de corte y procesamiento de carne.<\/p>\n<p style=\"text-align: left;\">La misi\u00f3n de Industries Riopel Inc. se centra en encontrar soluciones innovadoras que aumenten la eficiencia de las plantas de sus clientes. El enfoque de la empresa en la colaboraci\u00f3n, el esp\u00edritu de equipo y el respeto la ha posicionado bien en su sector. Los valores familiares de la empresa la hacen sensible a todo el mundo y se esfuerza por crear un ambiente positivo con sus trabajadores.<\/p>\n<p style=\"text-align: left;\">La misi\u00f3n y la visi\u00f3n de la empresa est\u00e1n\u00a0fundadas en valores que son igual de importantes en sus relaciones con clientes, socios y empleados.<\/p>\n<p style=\"text-align: left;\"><img loading=\"lazy\" decoding=\"async\" class=\"alignnone size-full wp-image-30 aligncenter\" src=\"https:\/\/www.industriesriopel.com\/wp-content\/uploads\/2016\/12\/blue_small_line.png\" alt=\"blue_small_line\" width=\"38\" height=\"3\" \/><\/p>\n<h6 class=\"blue\" style=\"text-align: left;\"><strong>R<\/strong>ESPETO<\/h6>\n<h6 class=\"blue\" style=\"text-align: left;\"><strong>I<\/strong>NTEGRIDAD<\/h6>\n<h6 class=\"blue\" style=\"text-align: left;\"><strong>A<\/strong>PERTURA<\/h6>\n<h6 class=\"blue\" style=\"text-align: left;\"><strong>P<\/strong>LACER EN EL TRABAJO<\/h6>\n<h6 class=\"blue\" style=\"text-align: left;\"><strong>E<\/strong>QUIDAD<\/h6>\n<h6 class=\"blue\" style=\"text-align: left;\"><strong>L<\/strong>EALTAD<\/h6>\n<p style=\"text-align: left;\">\n<h6 style=\"text-align: left;\"><strong>INNOVEMOS JUNTOS!<\/strong><\/h6>\n<\/td>\n<td><img loading=\"lazy\" decoding=\"async\" class=\"size-full wp-image-53 aligncenter\" src=\"https:\/\/www.industriesriopel.com\/wp-content\/uploads\/2016\/12\/big_r.png\" alt=\"big_r\" width=\"234\" height=\"479\" srcset=\"https:\/\/www.industriesriopel.com\/wp-content\/uploads\/2016\/12\/big_r.png 234w, https:\/\/www.industriesriopel.com\/wp-content\/uploads\/2016\/12\/big_r-147x300.png 147w\" sizes=\"auto, (max-width: 234px) 100vw, 234px\" \/><\/td>\n<\/tr>\n<\/tbody>\n<\/table>\n<\/div><\/div><\/div><\/div><\/div><\/div><\/div>","protected":false},"excerpt":{"rendered":"<p>Fabricacion de equipos para sacrificio RiopelMas de medio centenario de historia.Industries Riopel Inc. se especializa en el desarrollo de tecnologia y equipamiento para la produccion y procesos de la carne roja.Las instalaciones son dise\u00f1adas para integrar los requerimientos de salud y seguridad alimentaria.Industries Riopel Inc, fue fundada en 1970 por Maurice Riopel, quien trabajo en [&hellip;]<\/p>\n","protected":false},"author":1,"featured_media":0,"parent":0,"menu_order":0,"comment_status":"closed","ping_status":"closed","template":"","meta":{"_acf_changed":false,"footnotes":""},"class_list":["post-361","page","type-page","status-publish","hentry"],"acf":[],"amp_enabled":true,"_links":{"self":[{"href":"https:\/\/www.industriesriopel.com\/es\/wp-json\/wp\/v2\/pages\/361","targetHints":{"allow":["GET"]}}],"collection":[{"href":"https:\/\/www.industriesriopel.com\/es\/wp-json\/wp\/v2\/pages"}],"about":[{"href":"https:\/\/www.industriesriopel.com\/es\/wp-json\/wp\/v2\/types\/page"}],"author":[{"embeddable":true,"href":"https:\/\/www.industriesriopel.com\/es\/wp-json\/wp\/v2\/users\/1"}],"replies":[{"embeddable":true,"href":"https:\/\/www.industriesriopel.com\/es\/wp-json\/wp\/v2\/comments?post=361"}],"version-history":[{"count":3,"href":"https:\/\/www.industriesriopel.com\/es\/wp-json\/wp\/v2\/pages\/361\/revisions"}],"predecessor-version":[{"id":2494,"href":"https:\/\/www.industriesriopel.com\/es\/wp-json\/wp\/v2\/pages\/361\/revisions\/2494"}],"wp:attachment":[{"href":"https:\/\/www.industriesriopel.com\/es\/wp-json\/wp\/v2\/media?parent=361"}],"curies":[{"name":"wp","href":"https:\/\/api.w.org\/{rel}","templated":true}]}}