{"id":332,"date":"2016-12-16T15:41:13","date_gmt":"2016-12-16T20:41:13","guid":{"rendered":"https:\/\/www.industriesriopel.com\/?page_id=332\/"},"modified":"2025-06-25T11:24:31","modified_gmt":"2025-06-25T15:24:31","slug":"contact","status":"publish","type":"page","link":"https:\/\/www.industriesriopel.com\/en\/contact\/","title":{"rendered":"Contact"},"content":{"rendered":"<div id=\"pl-332\"  class=\"panel-layout\" ><div id=\"pg-332-0\"  class=\"panel-grid panel-has-style\" ><div class=\"siteorigin-panels-stretch panel-row-style panel-row-style-for-332-0\" id=\"contact_row_1\" data-stretch-type=\"full\" ><div id=\"pgc-332-0-0\"  class=\"panel-grid-cell\" ><div id=\"panel-332-0-0-0\" class=\"so-panel widget widget_black-studio-tinymce widget_black_studio_tinymce panel-first-child panel-last-child\" data-index=\"0\" ><div class=\"textwidget\"><h1 style=\"text-align: center;\">INDUSTRIES RIOPEL INC.<\/h1>\n<p style=\"text-align: center;\"><img loading=\"lazy\" decoding=\"async\" class=\"alignnone size-full wp-image-30\" src=\"https:\/\/www.industriesriopel.com\/wp-content\/uploads\/2016\/12\/blue_small_line.png\" alt=\"blue_small_line\" width=\"38\" height=\"3\" \/><\/p>\n<h2 style=\"text-align: center;\">425, chemin de l\u2019\u00c9core, Vall\u00e9e-Jonction (Qu\u00e9bec) \u00a0G0S 3J0<\/h2>\n<h2 class=\"contacts_infos\" style=\"text-align: center;\"><a class=\"blue\" href=\"tel:4182212031\"><i class=\"fa fa-phone\" aria-hidden=\"true\">\u00a0<\/i>\u00a0 <strong class=\"bold\">418 253-5443<\/strong><\/a><span class=\"contacts_line\">|<\/span><i class=\"fa fa-fax\" aria-hidden=\"true\">\u00a0<\/i>\u00a0 Fax : 418 253-5444<span class=\"contacts_line\">|<\/span><a href=\"mailto:info@industriesriopel.com\"><i class=\"fa fa-envelope\" aria-hidden=\"true\">\u00a0<\/i> \u00a0info@industriesriopel.com<\/a><\/h2>\n<p style=\"text-align: center;\"><strong><br \/>\nPersonal Information Protection<\/strong><\/p>\n<p style=\"text-align: center;\"><i class=\"fa fa-envelope\" aria-hidden=\"true\">\u00a0<\/i><a href=\"mailto:rh@industriesriopel.com\">rh@industriesriopel.com<\/a><\/p>\n<\/div><\/div><\/div><\/div><\/div><div id=\"pg-332-1\"  class=\"panel-grid panel-has-style\" ><div id=\"contact_row_2\" class=\"panel-row-style panel-row-style-for-332-1\" ><div id=\"pgc-332-1-0\"  class=\"panel-grid-cell\" ><div id=\"panel-332-1-0-0\" class=\"so-panel widget widget_black-studio-tinymce widget_black_studio_tinymce panel-first-child panel-last-child\" data-index=\"1\" ><div class=\"textwidget\"><h4 style=\"text-align: center;\">QUESTIONS ABOUT OUR EQUIPMENT?<\/h4>\n<h2 style=\"text-align: center;\" class=\"white\">Contact us today<\/h2>\n\n<div class=\"wpcf7 no-js\" id=\"wpcf7-f336-o1\" lang=\"fr-FR\" dir=\"ltr\" data-wpcf7-id=\"336\">\n<div class=\"screen-reader-response\"><p role=\"status\" aria-live=\"polite\" aria-atomic=\"true\"><\/p> <ul><\/ul><\/div>\n<form action=\"\/en\/wp-json\/wp\/v2\/pages\/332#wpcf7-f336-o1\" method=\"post\" class=\"wpcf7-form init\" aria-label=\"Formulaire de contact\" novalidate=\"novalidate\" data-status=\"init\">\n<fieldset class=\"hidden-fields-container\"><input type=\"hidden\" name=\"_wpcf7\" value=\"336\" \/><input type=\"hidden\" name=\"_wpcf7_version\" value=\"6.1.5\" \/><input type=\"hidden\" name=\"_wpcf7_locale\" value=\"fr_FR\" \/><input type=\"hidden\" name=\"_wpcf7_unit_tag\" value=\"wpcf7-f336-o1\" \/><input type=\"hidden\" name=\"_wpcf7_container_post\" value=\"0\" \/><input type=\"hidden\" name=\"_wpcf7_posted_data_hash\" value=\"\" \/><input type=\"hidden\" name=\"_wpcf7_recaptcha_response\" value=\"\" \/>\n<\/fieldset>\n<div class=\"form_left\">\nFirst and last name*<br \/>\n<span class=\"wpcf7-form-control-wrap\" data-name=\"prenom-nom\"><input size=\"40\" maxlength=\"400\" class=\"wpcf7-form-control wpcf7-text wpcf7-validates-as-required\" aria-required=\"true\" aria-invalid=\"false\" value=\"\" type=\"text\" name=\"prenom-nom\" \/><\/span>\n<\/div>\n<div class=\"form_right\">\nCompany<br \/>\n<span class=\"wpcf7-form-control-wrap\" data-name=\"entreprise\"><input size=\"40\" maxlength=\"400\" class=\"wpcf7-form-control wpcf7-text\" aria-invalid=\"false\" value=\"\" type=\"text\" name=\"entreprise\" \/><\/span>\n<\/div>\n<div class=\"clear\"><\/div>\n<div class=\"form_left\">\nE-mail*<br \/>\n<span class=\"wpcf7-form-control-wrap\" data-name=\"courriel\"><input size=\"40\" maxlength=\"400\" class=\"wpcf7-form-control wpcf7-email wpcf7-validates-as-required wpcf7-text wpcf7-validates-as-email\" aria-required=\"true\" aria-invalid=\"false\" value=\"\" type=\"email\" name=\"courriel\" \/><\/span>\n<\/div>\n<div class=\"form_right\">\nPhone*<br \/>\n<span class=\"wpcf7-form-control-wrap\" data-name=\"telephone\"><input size=\"40\" maxlength=\"400\" class=\"wpcf7-form-control wpcf7-tel wpcf7-validates-as-required wpcf7-text wpcf7-validates-as-tel\" aria-required=\"true\" aria-invalid=\"false\" value=\"\" type=\"tel\" name=\"telephone\" \/><\/span>\n<\/div>\n<div class=\"clear\"><\/div>\n<div class=\"form_left\">\nCountry*<br \/>\n<span class=\"wpcf7-form-control-wrap\" data-name=\"country\"><input size=\"40\" maxlength=\"400\" class=\"wpcf7-form-control wpcf7-text wpcf7-validates-as-required\" aria-required=\"true\" aria-invalid=\"false\" value=\"\" type=\"text\" name=\"country\" \/><\/span>\n<\/div>\n<div class=\"form_right\">\nSubject<br \/>\n<span class=\"wpcf7-form-control-wrap\" data-name=\"sujet\"><input size=\"40\" maxlength=\"400\" class=\"wpcf7-form-control wpcf7-text\" aria-invalid=\"false\" placeholder=\"\" value=\"\" type=\"text\" name=\"sujet\" \/><\/span>\n<\/div>\n<div class=\"clear\"><\/div>\nMessage<br \/>\n<span class=\"wpcf7-form-control-wrap\" data-name=\"message\"><textarea cols=\"40\" rows=\"10\" maxlength=\"2000\" class=\"wpcf7-form-control wpcf7-textarea\" aria-invalid=\"false\" name=\"message\"><\/textarea><\/span>\n<div class=\"clear\"><\/div>\n<p class=\"margB_3\">*Required fields<\/p>\n<p class=\"small_text\">This site is protected by reCAPTCHA and the Google\n<a target=\"_blank\" href=\"https:\/\/policies.google.com\/privacy\">Privacy Policy<\/a> and\n<a target=\"_blank\" href=\"https:\/\/policies.google.com\/terms\">Terms of Service<\/a> apply.<\/p>\n<p class=\"form_btn\"><input class=\"wpcf7-form-control wpcf7-submit has-spinner\" type=\"submit\" value=\"Send\" \/><\/p><div class=\"wpcf7-response-output\" aria-hidden=\"true\"><\/div>\n<\/form>\n<\/div>\n<\/div><\/div><\/div><\/div><\/div><\/div>","protected":false},"excerpt":{"rendered":"<p>INDUSTRIES RIOPEL INC. 425, chemin de l\u2019\u00c9core, Vall\u00e9e-Jonction (Qu\u00e9bec) \u00a0G0S 3J0 \u00a0\u00a0 418 253-5443|\u00a0\u00a0 Fax : 418 253-5444|\u00a0 \u00a0info@industriesriopel.com Personal Information Protection \u00a0rh@industriesriopel.com QUESTIONS ABOUT OUR EQUIPMENT? Contact us today<\/p>\n","protected":false},"author":1,"featured_media":0,"parent":0,"menu_order":0,"comment_status":"closed","ping_status":"closed","template":"","meta":{"_acf_changed":false,"footnotes":""},"class_list":["post-332","page","type-page","status-publish","hentry"],"acf":[],"amp_enabled":true,"_links":{"self":[{"href":"https:\/\/www.industriesriopel.com\/en\/wp-json\/wp\/v2\/pages\/332","targetHints":{"allow":["GET"]}}],"collection":[{"href":"https:\/\/www.industriesriopel.com\/en\/wp-json\/wp\/v2\/pages"}],"about":[{"href":"https:\/\/www.industriesriopel.com\/en\/wp-json\/wp\/v2\/types\/page"}],"author":[{"embeddable":true,"href":"https:\/\/www.industriesriopel.com\/en\/wp-json\/wp\/v2\/users\/1"}],"replies":[{"embeddable":true,"href":"https:\/\/www.industriesriopel.com\/en\/wp-json\/wp\/v2\/comments?post=332"}],"version-history":[{"count":7,"href":"https:\/\/www.industriesriopel.com\/en\/wp-json\/wp\/v2\/pages\/332\/revisions"}],"predecessor-version":[{"id":3452,"href":"https:\/\/www.industriesriopel.com\/en\/wp-json\/wp\/v2\/pages\/332\/revisions\/3452"}],"wp:attachment":[{"href":"https:\/\/www.industriesriopel.com\/en\/wp-json\/wp\/v2\/media?parent=332"}],"curies":[{"name":"wp","href":"https:\/\/api.w.org\/{rel}","templated":true}]}}